{"id":1142,"date":"2022-01-26T16:09:20","date_gmt":"2022-01-26T16:09:20","guid":{"rendered":"https:\/\/avilaturismoapartamento.com\/?page_id=1142"},"modified":"2023-01-03T07:38:25","modified_gmt":"2023-01-03T07:38:25","slug":"la-casa-del-impresor","status":"publish","type":"page","link":"https:\/\/avilaturismoapartamento.com\/index.php\/la-casa-del-impresor\/","title":{"rendered":"La casa del Impresor"},"content":{"rendered":"\t\t<div data-elementor-type=\"wp-page\" data-elementor-id=\"1142\" class=\"elementor elementor-1142\">\n\t\t\t\t\t\t\t\t\t<section class=\"elementor-section elementor-top-section elementor-element elementor-element-3b0922b7 elementor-section-boxed elementor-section-height-default elementor-section-height-default\" data-id=\"3b0922b7\" data-element_type=\"section\" data-settings=\"{&quot;background_background&quot;:&quot;classic&quot;}\">\n\t\t\t\t\t\t<div class=\"elementor-container elementor-column-gap-no\">\n\t\t\t\t\t<div class=\"elementor-column elementor-col-100 elementor-top-column elementor-element elementor-element-36748f6e\" data-id=\"36748f6e\" data-element_type=\"column\">\n\t\t\t<div class=\"elementor-widget-wrap elementor-element-populated\">\n\t\t\t\t\t\t\t\t<div class=\"elementor-element elementor-element-73b325fe elementor-widget elementor-widget-heading\" data-id=\"73b325fe\" data-element_type=\"widget\" data-widget_type=\"heading.default\">\n\t\t\t\t<div class=\"elementor-widget-container\">\n\t\t\t<style>\/*! elementor - v3.9.2 - 21-12-2022 *\/\n.elementor-heading-title{padding:0;margin:0;line-height:1}.elementor-widget-heading .elementor-heading-title[class*=elementor-size-]>a{color:inherit;font-size:inherit;line-height:inherit}.elementor-widget-heading .elementor-heading-title.elementor-size-small{font-size:15px}.elementor-widget-heading .elementor-heading-title.elementor-size-medium{font-size:19px}.elementor-widget-heading .elementor-heading-title.elementor-size-large{font-size:29px}.elementor-widget-heading .elementor-heading-title.elementor-size-xl{font-size:39px}.elementor-widget-heading .elementor-heading-title.elementor-size-xxl{font-size:59px}<\/style><h1 class=\"elementor-heading-title elementor-size-default\">La Casa del Impresor<\/h1>\t\t<\/div>\n\t\t\t\t<\/div>\n\t\t\t\t<div class=\"elementor-element elementor-element-3e276d5d elementor-widget elementor-widget-text-editor\" data-id=\"3e276d5d\" data-element_type=\"widget\" data-widget_type=\"text-editor.default\">\n\t\t\t\t<div class=\"elementor-widget-container\">\n\t\t\t<style>\/*! elementor - v3.9.2 - 21-12-2022 *\/\n.elementor-widget-text-editor.elementor-drop-cap-view-stacked .elementor-drop-cap{background-color:#818a91;color:#fff}.elementor-widget-text-editor.elementor-drop-cap-view-framed .elementor-drop-cap{color:#818a91;border:3px solid;background-color:transparent}.elementor-widget-text-editor:not(.elementor-drop-cap-view-default) .elementor-drop-cap{margin-top:8px}.elementor-widget-text-editor:not(.elementor-drop-cap-view-default) .elementor-drop-cap-letter{width:1em;height:1em}.elementor-widget-text-editor .elementor-drop-cap{float:left;text-align:center;line-height:1;font-size:50px}.elementor-widget-text-editor .elementor-drop-cap-letter{display:inline-block}<\/style>\t\t\t\t<p>Nueva instancia cuidada hasta el \u00faltimo detalle<\/p>\t\t\t\t\t\t<\/div>\n\t\t\t\t<\/div>\n\t\t\t\t\t<\/div>\n\t\t<\/div>\n\t\t\t\t\t\t\t<\/div>\n\t\t<\/section>\n\t\t\t\t<section class=\"elementor-section elementor-top-section elementor-element elementor-element-1bbbf351 elementor-section-boxed elementor-section-height-default elementor-section-height-default\" data-id=\"1bbbf351\" data-element_type=\"section\" data-settings=\"{&quot;background_background&quot;:&quot;classic&quot;}\">\n\t\t\t\t\t\t<div class=\"elementor-container elementor-column-gap-no\">\n\t\t\t\t\t<div class=\"elementor-column elementor-col-100 elementor-top-column elementor-element elementor-element-259f2ed1\" data-id=\"259f2ed1\" data-element_type=\"column\" data-settings=\"{&quot;background_background&quot;:&quot;classic&quot;}\">\n\t\t\t<div class=\"elementor-widget-wrap elementor-element-populated\">\n\t\t\t\t\t\t\t\t<div class=\"elementor-element elementor-element-5a4b14f1 elementor-widget__width-auto elementor-widget elementor-widget-heading\" data-id=\"5a4b14f1\" data-element_type=\"widget\" data-widget_type=\"heading.default\">\n\t\t\t\t<div class=\"elementor-widget-container\">\n\t\t\t<h6 class=\"elementor-heading-title elementor-size-default\">Alojamiento<\/h6>\t\t<\/div>\n\t\t\t\t<\/div>\n\t\t\t\t<div class=\"elementor-element elementor-element-3eb56821 elementor-widget elementor-widget-heading\" data-id=\"3eb56821\" data-element_type=\"widget\" data-widget_type=\"heading.default\">\n\t\t\t\t<div class=\"elementor-widget-container\">\n\t\t\t<h2 class=\"elementor-heading-title elementor-size-default\">Casa del Impresor<\/h2>\t\t<\/div>\n\t\t\t\t<\/div>\n\t\t\t\t<div class=\"elementor-element elementor-element-9394477 elementor-widget elementor-widget-text-editor\" data-id=\"9394477\" data-element_type=\"widget\" data-widget_type=\"text-editor.default\">\n\t\t\t\t<div class=\"elementor-widget-container\">\n\t\t\t\t\t\t\t<p>Situada en Calle Cantero Juan de Mondrag\u00f3n, 1 &#8211; 4E, 05004 AVILA\u00a0 en pleno centro de \u00c1vila hace una estancia inolvidable para conocer la ciudad.<\/p>\t\t\t\t\t\t<\/div>\n\t\t\t\t<\/div>\n\t\t\t\t<div class=\"elementor-element elementor-element-37ce96c3 elementor-widget elementor-widget-text-editor\" data-id=\"37ce96c3\" data-element_type=\"widget\" data-widget_type=\"text-editor.default\">\n\t\t\t\t<div class=\"elementor-widget-container\">\n\t\t\t\t\t\t\t<p>La Casa del impresor, <strong>situada a solo 1,1 km de la estaci\u00f3n de tren<\/strong>, ofrece alojamiento en \u00c1vila, con acceso a una terraza, un jard\u00edn, y un mostrador de informaci\u00f3n tur\u00edstica. <strong>Situada a 700 metros de la estaci\u00f3n de autobuses de \u00c1vila<\/strong> y ofrece WiFi gratuita y aparcamiento privado.<\/p><p>La casa del impresor dispone de <strong>4 dormitorios, TV de pantalla plana y cocina<\/strong>. Se proporcionan toallas y ropa de cama.<\/p><p>El jard\u00edn de La Vi\u00f1a se encuentra a 3 km del apartamento, mientras que la catedral de \u00c1vila est\u00e1 a 3,2 km. El aeropuerto m\u00e1s cercano es el de Salamanca, ubicado a 92 km de La Casa del impresor. Se proporciona servicio de enlace con el aeropuerto por un suplemento.<\/p>\t\t\t\t\t\t<\/div>\n\t\t\t\t<\/div>\n\t\t\t\t\t<\/div>\n\t\t<\/div>\n\t\t\t\t\t\t\t<\/div>\n\t\t<\/section>\n\t\t\t\t<section class=\"elementor-section elementor-top-section elementor-element elementor-element-6cec692e elementor-section-boxed elementor-section-height-default elementor-section-height-default\" data-id=\"6cec692e\" data-element_type=\"section\">\n\t\t\t\t\t\t<div class=\"elementor-container elementor-column-gap-default\">\n\t\t\t\t\t<div class=\"elementor-column elementor-col-100 elementor-top-column elementor-element elementor-element-486d5768\" data-id=\"486d5768\" data-element_type=\"column\">\n\t\t\t<div class=\"elementor-widget-wrap elementor-element-populated\">\n\t\t\t\t\t\t\t\t<div class=\"elementor-element elementor-element-71146c09 elementor-arrows-position-inside elementor-pagination-position-outside elementor-widget elementor-widget-image-carousel\" data-id=\"71146c09\" data-element_type=\"widget\" data-settings=\"{&quot;navigation&quot;:&quot;both&quot;,&quot;autoplay&quot;:&quot;yes&quot;,&quot;pause_on_hover&quot;:&quot;yes&quot;,&quot;pause_on_interaction&quot;:&quot;yes&quot;,&quot;autoplay_speed&quot;:5000,&quot;infinite&quot;:&quot;yes&quot;,&quot;speed&quot;:500}\" data-widget_type=\"image-carousel.default\">\n\t\t\t\t<div class=\"elementor-widget-container\">\n\t\t\t<style>\/*! elementor - v3.9.2 - 21-12-2022 *\/\n.elementor-widget-image-carousel .swiper-container{position:static}.elementor-widget-image-carousel .swiper-container .swiper-slide figure{line-height:inherit}.elementor-widget-image-carousel .swiper-slide{text-align:center}.elementor-image-carousel-wrapper:not(.swiper-container-initialized) .swiper-slide{max-width:calc(100% \/ var(--e-image-carousel-slides-to-show, 3))}<\/style>\t\t<div class=\"elementor-image-carousel-wrapper swiper-container\" dir=\"ltr\">\n\t\t\t<div class=\"elementor-image-carousel swiper-wrapper\">\n\t\t\t\t\t\t\t\t<div class=\"swiper-slide\"><figure class=\"swiper-slide-inner\"><img decoding=\"async\" class=\"swiper-slide-image\" src=\"https:\/\/avilaturismoapartamento.com\/wp-content\/uploads\/elementor\/thumbs\/Logo-pfk8llm9tdqpxzqhuq1lywpeud44nwipdjvalkmppc.png\" alt=\"Logo.png\" \/><\/figure><\/div><div class=\"swiper-slide\"><figure class=\"swiper-slide-inner\"><img decoding=\"async\" class=\"swiper-slide-image\" src=\"https:\/\/avilaturismoapartamento.com\/wp-content\/uploads\/elementor\/thumbs\/1920px-Panoramica_nocturna_de_la_Ciudad_de_A\u0301vila-pfk8ljqlfpo5art85p8ctx6hnlde8ib8pakbn0pi1s.jpg\" alt=\"1920px-Panoramica_nocturna_de_la_Ciudad_de_A\u0301vila.jpg\" \/><\/figure><\/div><div class=\"swiper-slide\"><figure class=\"swiper-slide-inner\"><img decoding=\"async\" class=\"swiper-slide-image\" src=\"https:\/\/avilaturismoapartamento.com\/wp-content\/uploads\/elementor\/thumbs\/Casa-Polentinos-pfk8lkofmjpfmdrv07mzeexy8z8rg7ez1f7t4ao3vk.jpeg\" alt=\"Casa-Polentinos.jpeg\" \/><\/figure><\/div>\t\t\t<\/div>\n\t\t\t\t\t\t\t\t\t\t\t\t<div class=\"swiper-pagination\"><\/div>\n\t\t\t\t\t\t\t\t\t\t\t\t\t<div class=\"elementor-swiper-button elementor-swiper-button-prev\">\n\t\t\t\t\t\t<i aria-hidden=\"true\" class=\"eicon-chevron-left\"><\/i>\t\t\t\t\t\t<span class=\"elementor-screen-only\">Anterior<\/span>\n\t\t\t\t\t<\/div>\n\t\t\t\t\t<div class=\"elementor-swiper-button elementor-swiper-button-next\">\n\t\t\t\t\t\t<i aria-hidden=\"true\" class=\"eicon-chevron-right\"><\/i>\t\t\t\t\t\t<span class=\"elementor-screen-only\">Siguiente<\/span>\n\t\t\t\t\t<\/div>\n\t\t\t\t\t\t\t\t\t<\/div>\n\t\t\t\t<\/div>\n\t\t\t\t<\/div>\n\t\t\t\t\t<\/div>\n\t\t<\/div>\n\t\t\t\t\t\t\t<\/div>\n\t\t<\/section>\n\t\t\t\t\t\t\t<\/div>\n\t\t","protected":false},"excerpt":{"rendered":"<p>La Casa del Impresor Nueva instancia cuidada hasta el \u00faltimo detalle Alojamiento Casa del Impresor Situada en Calle Cantero Juan de Mondrag\u00f3n, 1 &#8211; 4E, 05004 AVILA\u00a0 en pleno centro de \u00c1vila hace una estancia inolvidable para conocer la ciudad. La Casa del impresor, situada a solo 1,1 km de la estaci\u00f3n de tren, ofrece &hellip;<\/p>\n<p class=\"read-more\"> <a class=\"\" href=\"https:\/\/avilaturismoapartamento.com\/index.php\/la-casa-del-impresor\/\"> <span class=\"screen-reader-text\">La casa del Impresor<\/span> Leer m\u00e1s &raquo;<\/a><\/p>\n","protected":false},"author":1,"featured_media":0,"parent":0,"menu_order":0,"comment_status":"closed","ping_status":"closed","template":"","meta":{"site-sidebar-layout":"no-sidebar","site-content-layout":"page-builder","ast-global-header-display":"","ast-main-header-display":"","ast-hfb-above-header-display":"","ast-hfb-below-header-display":"","ast-hfb-mobile-header-display":"","site-post-title":"disabled","ast-breadcrumbs-content":"","ast-featured-img":"disabled","footer-sml-layout":"","theme-transparent-header-meta":"","adv-header-id-meta":"","stick-header-meta":"","header-above-stick-meta":"","header-main-stick-meta":"","header-below-stick-meta":"","footnotes":""},"class_list":["post-1142","page","type-page","status-publish","hentry"],"_links":{"self":[{"href":"https:\/\/avilaturismoapartamento.com\/index.php\/wp-json\/wp\/v2\/pages\/1142","targetHints":{"allow":["GET"]}}],"collection":[{"href":"https:\/\/avilaturismoapartamento.com\/index.php\/wp-json\/wp\/v2\/pages"}],"about":[{"href":"https:\/\/avilaturismoapartamento.com\/index.php\/wp-json\/wp\/v2\/types\/page"}],"author":[{"embeddable":true,"href":"https:\/\/avilaturismoapartamento.com\/index.php\/wp-json\/wp\/v2\/users\/1"}],"replies":[{"embeddable":true,"href":"https:\/\/avilaturismoapartamento.com\/index.php\/wp-json\/wp\/v2\/comments?post=1142"}],"version-history":[{"count":13,"href":"https:\/\/avilaturismoapartamento.com\/index.php\/wp-json\/wp\/v2\/pages\/1142\/revisions"}],"predecessor-version":[{"id":1363,"href":"https:\/\/avilaturismoapartamento.com\/index.php\/wp-json\/wp\/v2\/pages\/1142\/revisions\/1363"}],"wp:attachment":[{"href":"https:\/\/avilaturismoapartamento.com\/index.php\/wp-json\/wp\/v2\/media?parent=1142"}],"curies":[{"name":"wp","href":"https:\/\/api.w.org\/{rel}","templated":true}]}}